{"id":1126,"date":"2022-08-10T17:52:39","date_gmt":"2022-08-10T15:52:39","guid":{"rendered":"https:\/\/dev.teamlinx42.app\/privacy-website\/"},"modified":"2023-12-08T17:11:57","modified_gmt":"2023-12-08T16:11:57","slug":"privacy-website","status":"publish","type":"page","link":"https:\/\/teamlinx42.app\/de\/privacy-website\/","title":{"rendered":"Privacy Website"},"content":{"rendered":"\t\t<div data-elementor-type=\"wp-page\" data-elementor-id=\"1126\" class=\"elementor elementor-1126 elementor-1117\" data-elementor-post-type=\"page\">\n\t\t\t\t\t\t<section class=\"elementor-section elementor-top-section elementor-element elementor-element-067ba74 elementor-section-boxed elementor-section-height-default elementor-section-height-default\" data-id=\"067ba74\" data-element_type=\"section\" data-e-type=\"section\">\n\t\t\t\t\t\t<div class=\"elementor-container elementor-column-gap-default\">\n\t\t\t\t\t<div class=\"elementor-column elementor-col-100 elementor-top-column elementor-element elementor-element-2037d62\" data-id=\"2037d62\" data-element_type=\"column\" data-e-type=\"column\">\n\t\t\t<div class=\"elementor-widget-wrap elementor-element-populated\">\n\t\t\t\t\t\t<div class=\"elementor-element elementor-element-beaa9a8 elementor-widget elementor-widget-heading\" data-id=\"beaa9a8\" data-element_type=\"widget\" data-e-type=\"widget\" data-widget_type=\"heading.default\">\n\t\t\t\t<div class=\"elementor-widget-container\">\n\t\t\t\t\t<h2 class=\"elementor-heading-title elementor-size-default\">TeamLinx42.app Website Datenschutzerkl\u00e4rung<\/h2>\t\t\t\t<\/div>\n\t\t\t\t<\/div>\n\t\t\t\t\t<\/div>\n\t\t<\/div>\n\t\t\t\t\t<\/div>\n\t\t<\/section>\n\t\t\t\t<section class=\"elementor-section elementor-top-section elementor-element elementor-element-fd49aca elementor-section-boxed elementor-section-height-default elementor-section-height-default\" data-id=\"fd49aca\" data-element_type=\"section\" data-e-type=\"section\">\n\t\t\t\t\t\t<div class=\"elementor-container elementor-column-gap-default\">\n\t\t\t\t\t<div class=\"elementor-column elementor-col-100 elementor-top-column elementor-element elementor-element-9ab44a7\" data-id=\"9ab44a7\" data-element_type=\"column\" data-e-type=\"column\">\n\t\t\t<div class=\"elementor-widget-wrap elementor-element-populated\">\n\t\t\t\t\t\t<div class=\"elementor-element elementor-element-247b7d7 elementor-widget elementor-widget-text-editor\" data-id=\"247b7d7\" data-element_type=\"widget\" data-e-type=\"widget\" data-widget_type=\"text-editor.default\">\n\t\t\t\t<div class=\"elementor-widget-container\">\n\t\t\t\t\t\t\t\t\t<h2 class=\"wp-block-heading\">Datenschutzerkl\u00e4rung<\/h2>\n<p>In \u00dcbereinstimmung mit den Anforderungen an eine funktionelle und benutzerfreundliche Website beschr\u00e4nkt sich unsere Verarbeitung personenbezogener Daten (im Folgenden einfach &#8222;Daten&#8220; genannt) auf das, was f\u00fcr die Aufrechterhaltung der Inhalte und Dienste der Website erforderlich ist.<\/p>\n<p>Gem\u00e4\u00df Artikel 4 Absatz 1 der Allgemeinen Datenschutzverordnung (DSGVO) der EU, Verordnung (EU) 2016\/679, umfasst der Begriff &#8222;Verarbeitung&#8220; verschiedene Vorg\u00e4nge mit personenbezogenen Daten. Diese Vorg\u00e4nge umfassen unter anderem das Sammeln, Aufzeichnen, Organisieren, Strukturieren, Speichern, Anpassen, \u00c4ndern, Abrufen, Abfragen, Verwenden, Offenlegen durch \u00dcbermittlung, Verbreiten, Verf\u00fcgbarmachen, Angleichen, Kombinieren, Einschr\u00e4nken, L\u00f6schen oder Vernichten der Daten, unabh\u00e4ngig davon, ob diese Vorg\u00e4nge automatisiert sind oder nicht.<\/p>\n<p>Diese Datenschutzerkl\u00e4rung soll \u00fcber die Art, den Umfang, den Zweck, die Dauer und die Rechtsgrundlage der von uns durchgef\u00fchrten oder an Dritte weitergegebenen Datenverarbeitung informieren. Dar\u00fcber hinaus skizzieren wir die Elemente von Drittanbietern, die in unsere Website integriert sind, um die Funktionalit\u00e4t und das Benutzererlebnis zu verbessern, was dazu f\u00fchren kann, dass diese Drittanbieter die Daten verarbeiten, die sie erwerben und kontrollieren.<\/p>\n<p>Unsere Datenschutzerkl\u00e4rung ist wie folgt aufgebaut:<\/p>\n<p>I. Informationen \u00fcber uns als Verantwortliche f\u00fcr die Verarbeitung Ihrer Daten<\/p>\n<p>II. Die Rechte der Nutzer und der betroffenen Personen<\/p>\n<p>III. Information \u00fcber die Datenverarbeitung<\/p>\n<h3 class=\"wp-block-heading\">I. Informationen \u00fcber uns als Verantwortliche f\u00fcr die Verarbeitung Ihrer Daten<\/h3>\n<p>Der Verantwortliche f\u00fcr diese Website (der &#8222;Verantwortliche&#8220;) im Sinne des Datenschutzrechts ist:<\/p>\n<p>AppSphere AG<br \/>repr\u00e4sentiert durch das die Vorst\u00e4nde: Dipl. Ing. (FH) Frank Roth, Dipl. Ing. Frank Seibert, Daniel Vollmer<\/p>\n<p>Ludwig-Erhard-Stra\u00dfe 2<br \/>76275 Karlsruhe<\/p>\n<p>Tel: +49 7243 34887-0<br \/>Fax: +49 7243 34887-99<br \/>Email: info@appsphere.com<\/p>\n<p>Register Court: Amtsgericht Mannheim<br \/>Register number: HRB709034<\/p>\n<p>Der Datenschutzbeauftragte des f\u00fcr die Verarbeitung Verantwortlichen ist:<\/p>\n<p>Dr. J\u00f6rg K\u00fcmmerlein<br \/>secopan GmbH<br \/>Am Schoenblick 14<br \/>71229 Leonberg<br \/>Tel: 07152-5695810<br \/>Fax: 03212-1144458<br \/>E-mail: datenschutz@secopan.de<\/p>\n\t\t\t\t\t\t\t\t<\/div>\n\t\t\t\t<\/div>\n\t\t\t\t<div class=\"elementor-element elementor-element-a85de71 elementor-widget elementor-widget-text-editor\" data-id=\"a85de71\" data-element_type=\"widget\" data-e-type=\"widget\" data-widget_type=\"text-editor.default\">\n\t\t\t\t<div class=\"elementor-widget-container\">\n\t\t\t\t\t\t\t\t\t<h3 class=\"wp-block-heading\">II. Die Rechte der Nutzer und der betroffenen Personen<\/h3>\n<p>Die Nutzer und die betroffenen Personen haben im Zusammenhang mit den nachstehend beschriebenen Datenverarbeitungsvorg\u00e4ngen bestimmte Rechte. Hierzu geh\u00f6ren:<\/p>\n<ol>\n<li>Das Recht zu \u00fcberpr\u00fcfen, ob ihre Daten verarbeitet werden, Zugang zu den spezifischen Daten zu erhalten, die verarbeitet werden, zus\u00e4tzliche Informationen \u00fcber die Datenverarbeitung zu erhalten und Kopien der Daten zu erhalten, wie in Art. 15 GDPR.<\/li>\n<li>Das Recht auf Berichtigung oder Vervollst\u00e4ndigung sie betreffender unrichtiger oder unvollst\u00e4ndiger Daten gem\u00e4\u00df Art. 16 GDPR.<\/li>\n<li>Das Recht auf unverz\u00fcgliche L\u00f6schung der Daten, wie in Art. 17 GDPR, oder wenn eine weitere Verarbeitung nach Art. 17 Abs. 3 GDPR, das Recht auf Einschr\u00e4nkung der Verarbeitung gem\u00e4\u00df Art. 18 GDPR.<\/li>\n<li>Das Recht, die sie betreffenden Daten zu erhalten und an andere Anbieter\/Verantwortliche zu \u00fcbermitteln, wie in Art. 20 GDPR.<\/li>\n<li>Das Recht, sich bei der Aufsichtsbeh\u00f6rde zu beschweren, wenn sie der Meinung sind, dass die Verarbeitung ihrer Daten gegen die Datenschutzbestimmungen verst\u00f6\u00dft, siehe Art. 77 GDPR.<\/li>\n<\/ol>\n<p>Dar\u00fcber hinaus ist der f\u00fcr die Verarbeitung Verantwortliche verpflichtet, alle Empf\u00e4nger \u00fcber Berichtigungen, L\u00f6schungen oder Einschr\u00e4nkungen der Verarbeitung der Daten gem\u00e4\u00df Art. 16, 17 Abs. 1, 18 GDPR. Von dieser Verpflichtung wird jedoch abgesehen, wenn dies unm\u00f6glich ist oder einen unverh\u00e4ltnism\u00e4\u00dfigen Aufwand erfordert. Die Nutzer haben jedoch das Recht, \u00fcber diese Empf\u00e4nger informiert zu werden.<\/p>\n<p>Au\u00dferdem haben Nutzer und betroffene Personen gem\u00e4\u00df Art. 21 DSGVO haben Nutzer und betroffene Personen das Recht, der k\u00fcnftigen Verarbeitung ihrer Daten durch den f\u00fcr die Verarbeitung Verantwortlichen zu widersprechen, wie es in Art. 6 Abs. 1 Buchstabe f) GDPR, insbesondere im Falle der Datenverarbeitung f\u00fcr Direktmarketingzwecke.<\/p>\n<h3>III. Information \u00fcber die Datenverarbeitung<\/h3>\n<p>Die bei der Nutzung unserer Website verarbeiteten Daten werden gel\u00f6scht oder gesperrt, sobald der Zweck der Speicherung entf\u00e4llt, es sei denn, der L\u00f6schung stehen gesetzliche Aufbewahrungspflichten oder andere Vorschriften entgegen.<\/p>\n<h4 class=\"jet-listing-dynamic-field__content\">Kommentare<\/h4>\n<p>Wenn Sie Kommentare auf unserer Website ver\u00f6ffentlichen, haben Sie die M\u00f6glichkeit, alle nachfolgenden Kommentare Dritter zu abonnieren. Um Sie \u00fcber diese Kommentare zu informieren, wird Ihre E-Mail-Adresse verarbeitet.<\/p>\n<p>Die Grundlage hierf\u00fcr ist Art. 6 Abs. 1 Buchstabe a) GDPR. Sie k\u00f6nnen Ihre Zustimmung zu diesem Abonnement gem\u00e4\u00df Art. 7 Abs. 3 GDPR jederzeit zu widerrufen, indem Sie uns dies mitteilen oder den Abmeldelink in jeder E-Mail verwenden.<\/p>\n<h3>Cookies<\/h3>\n<h5>a) Session cookies<\/h5>\n<p>Unsere Website verwendet Session-Cookies, kleine Textdateien, die von Ihrem Browser auf Ihrem Computer gespeichert werden. Diese Cookies verarbeiten bestimmte Informationen wie Ihren Browser, Standortdaten oder Ihre IP-Adresse und verbessern die Benutzerfreundlichkeit, Effizienz und Sicherheit der Website, indem sie beispielsweise die Sprachauswahl oder die Warenkorbfunktion erm\u00f6glichen.<\/p>\n<p>Die Rechtsgrundlage f\u00fcr diese Cookies, wenn sie zur Anbahnung oder Abwicklung von Vertragsverh\u00e4ltnissen verwendet werden, ist Art. 6 Abs. 1 Buchstabe b) GDPR. Dient die Verarbeitung anderen Zwecken, ist unser berechtigtes Interesse an der Verbesserung der Funktionalit\u00e4t der Website die Grundlage, um gem\u00e4\u00df Art. 6 Abs. 1 Buchstabe f) GDPR. Session-Cookies werden gel\u00f6scht, wenn Sie Ihren Browser schlie\u00dfen.<\/p>\n<p>b) Third-party cookies<\/p>\n<p>Unsere Website verwendet keine Cookies von Unternehmen, mit denen wir zum Zwecke der Werbung, der Analyse oder der Verbesserung der Funktionen unserer Website zusammenarbeiten.<\/p>\n<h5>c) Deaktivierung von Cookies<\/h5>\n<p>Sie k\u00f6nnen Cookies \u00fcber Ihre Browsereinstellungen ablehnen oder l\u00f6schen. Die Schritte h\u00e4ngen vom jeweiligen Browser ab. F\u00fcr Flash-Cookies m\u00fcssen in den Einstellungen des Flash-Players Anpassungen vorgenommen werden. Die Einschr\u00e4nkung von Cookies kann die Funktionalit\u00e4t der Website beeintr\u00e4chtigen.<\/p>\n<h4 class=\"jet-listing-dynamic-field__content\">Kontakt<\/h4>\n<p>Wenn Sie sich per E-Mail oder Kontaktformular an uns wenden, werden die von Ihnen angegebenen Daten verarbeitet, um Ihre Anfrage zu bearbeiten. Wir ben\u00f6tigen diese Daten, um Ihre Anfrage zu beantworten; ohne sie k\u00f6nnen wir m\u00f6glicherweise nicht vollst\u00e4ndig oder gar nicht antworten.<\/p>\n<p>Die Rechtsgrundlage f\u00fcr diese Datenverarbeitung ist Art. 6 Abs. 1 Buchstabe b) GDPR.<\/p>\n<p>Ihre Daten werden nach vollst\u00e4ndiger Bearbeitung Ihrer Anfrage gel\u00f6scht, es sei denn, es besteht eine gesetzliche Aufbewahrungspflicht, z.B. aus nachfolgenden Vertr\u00e4gen oder Bestellungen.<\/p>\n<h3>Server Daten<\/h3>\n<p>Aus technischen Gr\u00fcnden \u00fcbermittelt Ihr Internet-Browser Daten an uns oder unseren Server-Provider, einschlie\u00dflich Browsertyp\/-version, Betriebssystem, Referrer-URL, besuchte Webseiten, Datum\/Uhrzeit des Besuchs und IP-Adresse. Diese vor\u00fcbergehend gespeicherten Daten werden getrennt von anderen Daten, die Sie m\u00f6glicherweise zur Verf\u00fcgung stellen, gespeichert.<\/p>\n<p>Die Grundlage f\u00fcr diese Speicherung ist Art. 6 Abs. 1 Buchstabe f) GDPR, mit dem Ziel, unsere Website zu verbessern, zu stabilisieren und zu sichern. Die Daten werden nach sp\u00e4testens sieben Tagen gel\u00f6scht, es sei denn, sie werden zu Beweiszwecken ben\u00f6tigt.<\/p>\n<h4>Facebook-Pr\u00e4senz<\/h4>\n<p>F\u00fcr Werbung, Kommunikation und Interaktion mit Interessenten oder Kunden haben wir in Zusammenarbeit mit Meta Platforms Ireland Limited, mit Sitz in 4 Grand Canal Square, Dublin 2, Irland, eine Pr\u00e4senz auf der Facebook-Plattform eingerichtet.<\/p>\n<p>Der Datenschutzbeauftragte von Facebook kann \u00fcber diesen Link kontaktiert werden: <a href=\"https:\/\/www.facebook.com\/help\/contact\/540977946302970\" target=\"_new\">Facebook Kontaktformular<\/a>. Wir haben unsere gemeinsamen Verantwortlichkeiten im Rahmen der Datenschutz-Grundverordnung in einer Vereinbarung dargelegt, die hier verf\u00fcgbar ist: <a href=\"https:\/\/www.facebook.com\/legal\/terms\/page_controller_addendum\" target=\"_new\">Facebook Terms<\/a>.<\/p>\n<p>Die Verarbeitung personenbezogener Daten auf Facebook, zu denen u.a. pers\u00f6nliche Informationen und IP-Adressen geh\u00f6ren k\u00f6nnen, erfolgt auf Grundlage von Art. 6 Abs. 1 Buchstabe f GDPR, angetrieben durch unsere Ziele in den Bereichen Analyse, Kommunikation, Verkauf und Werbeaktivit\u00e4ten. Die Zustimmung gem\u00e4\u00df Art. 6 Abs. 1 Buchstabe a DSGVO, kann jederzeit widerrufen werden, wie in Art. 7 Abs. 3 GDPR.<\/p>\n<p>Facebook Ireland Ltd. verwendet diese Daten f\u00fcr statistische Analysen, Marktforschung und Werbung und erstellt Nutzerprofile f\u00fcr gezielte Werbung. Ihre Daten werden mit Ihrem Benutzerkonto verkn\u00fcpft, wenn Sie w\u00e4hrend Ihres Besuchs bei Facebook angemeldet sind.<\/p>\n<p>Personenbezogene Daten, die Sie uns \u00fcber Facebook zur Verf\u00fcgung stellen, werden zur Bearbeitung Ihrer Anfragen verarbeitet und anschlie\u00dfend gel\u00f6scht, sofern keine gesetzlichen Aufbewahrungspflichten bestehen.<\/p>\n<p>Die von Facebook Ireland Ltd. gesetzten Cookies k\u00f6nnen \u00fcber die Browsereinstellungen verwaltet oder abgelehnt werden. Die genauen Anweisungen h\u00e4ngen von dem verwendeten Browser und Flash-Player ab. Bitte beachte, dass das Blockieren von Cookies dein Erlebnis auf Facebook beeintr\u00e4chtigen kann. Weitere Informationen finden Sie unter <a href=\"https:\/\/www.facebook.com\/privacy\/explanation\" target=\"_new\">Facebook Privacy Policy<\/a>.<\/p>\n<p>Die Verarbeitung durch Facebook Ireland Ltd. kann in den Vereinigten Staaten durch Meta Platforms, Inc. 1601 Willow Road, Menlo Park, California 94025 erfolgen.<\/p>\n<h4>Instagram-Pr\u00e4senz<\/h4>\n<p>Ebenso sind wir zu Werbe- und Kommunikationszwecken auf der Plattform Instagram aktiv, die gemeinsam mit Meta Platforms Ireland Limited, 4 Grand Canal Square, Dublin 2, Irland, verwaltet wird.<\/p>\n<p>Der Datenschutzbeauftragte von Instagram ist \u00fcber diesen Link zu erreichen: <a href=\"https:\/\/www.facebook.com\/help\/contact\/540977946302970\" target=\"_new\">Instagram Contact Form<\/a>. Die gemeinsamen Verantwortlichkeiten im Rahmen der DSGVO sind in dieser Vereinbarung detailliert aufgef\u00fchrt: <a href=\"https:\/\/www.facebook.com\/legal\/terms\/page_controller_addendum\" target=\"_new\">Instagram Terms<\/a>.<\/p>\n<p>Die Rechtsgrundlagen f\u00fcr die Verarbeitung von Daten auf Instagram sind identisch mit denen auf Facebook, basierend auf Art. 6 Abs. 1 Buchstabe f GDPR, mit der Zustimmung der Nutzer als alternative Grundlage. Diese Zustimmung kann jederzeit widerrufen werden.<\/p>\n<p>Facebook Ireland Ltd. verarbeitet Instagram-Daten zur Nutzeranalyse und f\u00fcr Werbezwecke und verkn\u00fcpft sie mit Nutzerkonten, wenn sie beim Zugriff auf die Website angemeldet sind.<\/p>\n<p>Die \u00fcber Instagram-Interaktionen bereitgestellten Daten werden f\u00fcr die Bearbeitung von Anfragen verwendet und gem\u00e4\u00df den gesetzlichen Bestimmungen aufbewahrt oder gel\u00f6scht.<\/p>\n<p>Instagram-Cookies k\u00f6nnen \u00fcber die Browsereinstellungen verwaltet werden, wobei die genauen Richtlinien von Ihrem Browser und Flash-Player abh\u00e4ngen. Die Einschr\u00e4nkung von Cookies kann die Funktionalit\u00e4t von Instagram beeintr\u00e4chtigen. Weitere Informationen finden Sie unter <a href=\"https:\/\/help.instagram.com\/519522125107875\" target=\"_new\">Instagram Privacy Policy<\/a>.<\/p>\n<p>Eine Bearbeitung in den Vereinigten Staaten durch Meta Platforms, Inc. ist m\u00f6glich.<\/p>\n<h4>LinkedIn-Pr\u00e4senz<\/h4>\n<p>Unsere LinkedIn-Pr\u00e4senz dient dazu, unser Unternehmen zu pr\u00e4sentieren und mit Kunden und Interessenten zu kommunizieren. LinkedIn wird von LinkedIn Ireland Unlimited Company, Wilton Plaza, Wilton Place, Dublin 2, Irland, einer Tochtergesellschaft der LinkedIn Corporation, USA, verwaltet.<\/p>\n<p>Diese internationale Datenverarbeitung kann gewisse Risiken mit sich bringen, wie z. B. Schwierigkeiten beim Zugriff auf Nutzerdaten. Unser Zugriff auf diese Daten ist auf die Bestimmungen von LinkedIn beschr\u00e4nkt.<\/p>\n<p>Weitere Informationen \u00fcber die Datenverarbeitung durch LinkedIn finden Sie in der Datenschutzrichtlinie des Unternehmens unter <a href=\"https:\/\/www.linkedin.com\/legal\/privacy-policy\" target=\"_new\">LinkedIn Privacy Policy<\/a>.<\/p>\n<p>Allgemeine Links zu sozialen Medien<\/p>\n<p>Wir stellen Links zu verschiedenen Social-Media-Plattformen (Facebook, Instagram, LinkedIn) zur Verf\u00fcgung, um die Interaktion und das Nutzererlebnis zu verbessern. Die Einbindung dieser Links erfolgt auf der Grundlage von Art. 6 Abs. 1 Buchstabe f GDPR, um die Benutzerfreundlichkeit der Website zu verbessern.<\/p>\n<p>Das Anklicken dieser Links kann zur Erfassung von Daten durch diese Plattformen f\u00fchren, einschlie\u00dflich IP-Adressen, Nutzeraktivit\u00e4ten und mehr. Diese Daten k\u00f6nnen bei gleichzeitiger Anmeldung mit Benutzerkonten verkn\u00fcpft werden. Um dies zu verhindern, sollten sich die Nutzer abmelden, bevor sie auf die Einstellungen ihres Kontos klicken oder diese \u00e4ndern.<\/p>\n<p>Die Datenschutzrichtlinien dieser Plattformen sind \u00fcber die jeweiligen Links abrufbar:<\/p>\n<ul>\n<li>Facebook: <a href=\"https:\/\/www.facebook.com\/policy.php\" target=\"_new\">Facebook Privacy Policy<\/a><\/li>\n<li>Instagram: <a href=\"https:\/\/help.instagram.com\/519522125107875\" target=\"_new\">Instagram Privacy Policy<\/a><\/li>\n<li>LinkedIn: <a href=\"https:\/\/www.linkedin.com\/legal\/privacy-policy\" target=\"_new\">LinkedIn Privacy Policy<\/a><\/li>\n<\/ul>\n\t\t\t\t\t\t\t\t<\/div>\n\t\t\t\t<\/div>\n\t\t\t\t\t<\/div>\n\t\t<\/div>\n\t\t\t\t\t<\/div>\n\t\t<\/section>\n\t\t\t\t<\/div>\n\t\t","protected":false},"excerpt":{"rendered":"<p>TeamLinx42.app Website Datenschutzerkl\u00e4rung Datenschutzerkl\u00e4rung In \u00dcbereinstimmung mit den Anforderungen an eine funktionelle und benutzerfreundliche Website beschr\u00e4nkt sich unsere Verarbeitung personenbezogener Daten (im Folgenden einfach &#8222;Daten&#8220; genannt) auf das, was f\u00fcr die Aufrechterhaltung der Inhalte und Dienste der Website erforderlich ist. Gem\u00e4\u00df Artikel 4 Absatz 1 der Allgemeinen Datenschutzverordnung (DSGVO) der EU, Verordnung (EU) 2016\/679, umfasst [&hellip;]<\/p>\n","protected":false},"author":1,"featured_media":0,"parent":0,"menu_order":0,"comment_status":"closed","ping_status":"closed","template":"","meta":{"footnotes":""},"class_list":["post-1126","page","type-page","status-publish","hentry"],"yoast_head":"<!-- This site is optimized with the Yoast SEO plugin v27.4 - https:\/\/yoast.com\/product\/yoast-seo-wordpress\/ -->\n<title>Privacy Website - TeamLinx42<\/title>\n<meta name=\"robots\" content=\"index, follow, max-snippet:-1, max-image-preview:large, max-video-preview:-1\" \/>\n<link rel=\"canonical\" href=\"https:\/\/teamlinx42.app\/de\/privacy-website\/\" \/>\n<meta property=\"og:locale\" content=\"de_DE\" \/>\n<meta property=\"og:type\" content=\"article\" \/>\n<meta property=\"og:title\" content=\"Privacy Website - TeamLinx42\" \/>\n<meta property=\"og:description\" content=\"TeamLinx42.app Website Datenschutzerkl\u00e4rung Datenschutzerkl\u00e4rung In \u00dcbereinstimmung mit den Anforderungen an eine funktionelle und benutzerfreundliche Website beschr\u00e4nkt sich unsere Verarbeitung personenbezogener Daten (im Folgenden einfach &#8222;Daten&#8220; genannt) auf das, was f\u00fcr die Aufrechterhaltung der Inhalte und Dienste der Website erforderlich ist. Gem\u00e4\u00df Artikel 4 Absatz 1 der Allgemeinen Datenschutzverordnung (DSGVO) der EU, Verordnung (EU) 2016\/679, umfasst [&hellip;]\" \/>\n<meta property=\"og:url\" content=\"https:\/\/teamlinx42.app\/de\/privacy-website\/\" \/>\n<meta property=\"og:site_name\" content=\"TeamLinx42\" \/>\n<meta property=\"article:modified_time\" content=\"2023-12-08T16:11:57+00:00\" \/>\n<meta name=\"twitter:card\" content=\"summary_large_image\" \/>\n<meta name=\"twitter:label1\" content=\"Gesch\u00e4tzte Lesezeit\" \/>\n\t<meta name=\"twitter:data1\" content=\"8\u00a0Minuten\" \/>\n<script type=\"application\/ld+json\" class=\"yoast-schema-graph\">{\"@context\":\"https:\\\/\\\/schema.org\",\"@graph\":[{\"@type\":\"WebPage\",\"@id\":\"https:\\\/\\\/teamlinx42.app\\\/de\\\/privacy-website\\\/\",\"url\":\"https:\\\/\\\/teamlinx42.app\\\/de\\\/privacy-website\\\/\",\"name\":\"Privacy Website - TeamLinx42\",\"isPartOf\":{\"@id\":\"https:\\\/\\\/teamlinx42.app\\\/#website\"},\"datePublished\":\"2022-08-10T15:52:39+00:00\",\"dateModified\":\"2023-12-08T16:11:57+00:00\",\"breadcrumb\":{\"@id\":\"https:\\\/\\\/teamlinx42.app\\\/de\\\/privacy-website\\\/#breadcrumb\"},\"inLanguage\":\"de\",\"potentialAction\":[{\"@type\":\"ReadAction\",\"target\":[\"https:\\\/\\\/teamlinx42.app\\\/de\\\/privacy-website\\\/\"]}]},{\"@type\":\"BreadcrumbList\",\"@id\":\"https:\\\/\\\/teamlinx42.app\\\/de\\\/privacy-website\\\/#breadcrumb\",\"itemListElement\":[{\"@type\":\"ListItem\",\"position\":1,\"name\":\"Home\",\"item\":\"https:\\\/\\\/teamlinx42.app\\\/de\\\/homepage\\\/\"},{\"@type\":\"ListItem\",\"position\":2,\"name\":\"Privacy Website\"}]},{\"@type\":\"WebSite\",\"@id\":\"https:\\\/\\\/teamlinx42.app\\\/#website\",\"url\":\"https:\\\/\\\/teamlinx42.app\\\/\",\"name\":\"TeamLinx42\",\"description\":\"\",\"publisher\":{\"@id\":\"https:\\\/\\\/teamlinx42.app\\\/#organization\"},\"potentialAction\":[{\"@type\":\"SearchAction\",\"target\":{\"@type\":\"EntryPoint\",\"urlTemplate\":\"https:\\\/\\\/teamlinx42.app\\\/?s={search_term_string}\"},\"query-input\":{\"@type\":\"PropertyValueSpecification\",\"valueRequired\":true,\"valueName\":\"search_term_string\"}}],\"inLanguage\":\"de\"},{\"@type\":\"Organization\",\"@id\":\"https:\\\/\\\/teamlinx42.app\\\/#organization\",\"name\":\"TeamLinx42\",\"url\":\"https:\\\/\\\/teamlinx42.app\\\/\",\"logo\":{\"@type\":\"ImageObject\",\"inLanguage\":\"de\",\"@id\":\"https:\\\/\\\/teamlinx42.app\\\/#\\\/schema\\\/logo\\\/image\\\/\",\"url\":\"https:\\\/\\\/teamlinx42.app\\\/wp-content\\\/uploads\\\/2022\\\/07\\\/Logo-Full-white-768x156-1.png\",\"contentUrl\":\"https:\\\/\\\/teamlinx42.app\\\/wp-content\\\/uploads\\\/2022\\\/07\\\/Logo-Full-white-768x156-1.png\",\"width\":636,\"height\":109,\"caption\":\"TeamLinx42\"},\"image\":{\"@id\":\"https:\\\/\\\/teamlinx42.app\\\/#\\\/schema\\\/logo\\\/image\\\/\"}}]}<\/script>\n<!-- \/ Yoast SEO plugin. -->","yoast_head_json":{"title":"Privacy Website - TeamLinx42","robots":{"index":"index","follow":"follow","max-snippet":"max-snippet:-1","max-image-preview":"max-image-preview:large","max-video-preview":"max-video-preview:-1"},"canonical":"https:\/\/teamlinx42.app\/de\/privacy-website\/","og_locale":"de_DE","og_type":"article","og_title":"Privacy Website - TeamLinx42","og_description":"TeamLinx42.app Website Datenschutzerkl\u00e4rung Datenschutzerkl\u00e4rung In \u00dcbereinstimmung mit den Anforderungen an eine funktionelle und benutzerfreundliche Website beschr\u00e4nkt sich unsere Verarbeitung personenbezogener Daten (im Folgenden einfach &#8222;Daten&#8220; genannt) auf das, was f\u00fcr die Aufrechterhaltung der Inhalte und Dienste der Website erforderlich ist. Gem\u00e4\u00df Artikel 4 Absatz 1 der Allgemeinen Datenschutzverordnung (DSGVO) der EU, Verordnung (EU) 2016\/679, umfasst [&hellip;]","og_url":"https:\/\/teamlinx42.app\/de\/privacy-website\/","og_site_name":"TeamLinx42","article_modified_time":"2023-12-08T16:11:57+00:00","twitter_card":"summary_large_image","twitter_misc":{"Gesch\u00e4tzte Lesezeit":"8\u00a0Minuten"},"schema":{"@context":"https:\/\/schema.org","@graph":[{"@type":"WebPage","@id":"https:\/\/teamlinx42.app\/de\/privacy-website\/","url":"https:\/\/teamlinx42.app\/de\/privacy-website\/","name":"Privacy Website - TeamLinx42","isPartOf":{"@id":"https:\/\/teamlinx42.app\/#website"},"datePublished":"2022-08-10T15:52:39+00:00","dateModified":"2023-12-08T16:11:57+00:00","breadcrumb":{"@id":"https:\/\/teamlinx42.app\/de\/privacy-website\/#breadcrumb"},"inLanguage":"de","potentialAction":[{"@type":"ReadAction","target":["https:\/\/teamlinx42.app\/de\/privacy-website\/"]}]},{"@type":"BreadcrumbList","@id":"https:\/\/teamlinx42.app\/de\/privacy-website\/#breadcrumb","itemListElement":[{"@type":"ListItem","position":1,"name":"Home","item":"https:\/\/teamlinx42.app\/de\/homepage\/"},{"@type":"ListItem","position":2,"name":"Privacy Website"}]},{"@type":"WebSite","@id":"https:\/\/teamlinx42.app\/#website","url":"https:\/\/teamlinx42.app\/","name":"TeamLinx42","description":"","publisher":{"@id":"https:\/\/teamlinx42.app\/#organization"},"potentialAction":[{"@type":"SearchAction","target":{"@type":"EntryPoint","urlTemplate":"https:\/\/teamlinx42.app\/?s={search_term_string}"},"query-input":{"@type":"PropertyValueSpecification","valueRequired":true,"valueName":"search_term_string"}}],"inLanguage":"de"},{"@type":"Organization","@id":"https:\/\/teamlinx42.app\/#organization","name":"TeamLinx42","url":"https:\/\/teamlinx42.app\/","logo":{"@type":"ImageObject","inLanguage":"de","@id":"https:\/\/teamlinx42.app\/#\/schema\/logo\/image\/","url":"https:\/\/teamlinx42.app\/wp-content\/uploads\/2022\/07\/Logo-Full-white-768x156-1.png","contentUrl":"https:\/\/teamlinx42.app\/wp-content\/uploads\/2022\/07\/Logo-Full-white-768x156-1.png","width":636,"height":109,"caption":"TeamLinx42"},"image":{"@id":"https:\/\/teamlinx42.app\/#\/schema\/logo\/image\/"}}]}},"_links":{"self":[{"href":"https:\/\/teamlinx42.app\/de\/wp-json\/wp\/v2\/pages\/1126","targetHints":{"allow":["GET"]}}],"collection":[{"href":"https:\/\/teamlinx42.app\/de\/wp-json\/wp\/v2\/pages"}],"about":[{"href":"https:\/\/teamlinx42.app\/de\/wp-json\/wp\/v2\/types\/page"}],"author":[{"embeddable":true,"href":"https:\/\/teamlinx42.app\/de\/wp-json\/wp\/v2\/users\/1"}],"replies":[{"embeddable":true,"href":"https:\/\/teamlinx42.app\/de\/wp-json\/wp\/v2\/comments?post=1126"}],"version-history":[{"count":4,"href":"https:\/\/teamlinx42.app\/de\/wp-json\/wp\/v2\/pages\/1126\/revisions"}],"predecessor-version":[{"id":5312,"href":"https:\/\/teamlinx42.app\/de\/wp-json\/wp\/v2\/pages\/1126\/revisions\/5312"}],"wp:attachment":[{"href":"https:\/\/teamlinx42.app\/de\/wp-json\/wp\/v2\/media?parent=1126"}],"curies":[{"name":"wp","href":"https:\/\/api.w.org\/{rel}","templated":true}]}}