{"id":927,"date":"2022-07-15T11:47:43","date_gmt":"2022-07-15T09:47:43","guid":{"rendered":"https:\/\/dev.teamlinx42.app\/download\/"},"modified":"2024-02-09T14:56:36","modified_gmt":"2024-02-09T13:56:36","slug":"download","status":"publish","type":"page","link":"https:\/\/teamlinx42.app\/de\/download\/","title":{"rendered":"Download"},"content":{"rendered":"\t\t<div data-elementor-type=\"wp-page\" data-elementor-id=\"927\" class=\"elementor elementor-927 elementor-340\" data-elementor-post-type=\"page\">\n\t\t\t\t\t\t<section class=\"elementor-section elementor-top-section elementor-element elementor-element-514814c elementor-section-boxed elementor-section-height-default elementor-section-height-default\" data-id=\"514814c\" data-element_type=\"section\" data-e-type=\"section\" data-settings=\"{&quot;background_background&quot;:&quot;classic&quot;}\">\n\t\t\t\t\t\t<div class=\"elementor-container elementor-column-gap-default\">\n\t\t\t\t\t<div class=\"elementor-column elementor-col-100 elementor-top-column elementor-element elementor-element-66ae95e\" data-id=\"66ae95e\" data-element_type=\"column\" data-e-type=\"column\">\n\t\t\t<div class=\"elementor-widget-wrap elementor-element-populated\">\n\t\t\t\t\t\t<div class=\"elementor-element elementor-element-cf43b0f elementor-widget elementor-widget-heading\" data-id=\"cf43b0f\" data-element_type=\"widget\" data-e-type=\"widget\" data-widget_type=\"heading.default\">\n\t\t\t\t<div class=\"elementor-widget-container\">\n\t\t\t\t\t<h2 class=\"elementor-heading-title elementor-size-default\">Download &amp; Installation<\/h2>\t\t\t\t<\/div>\n\t\t\t\t<\/div>\n\t\t\t\t\t<\/div>\n\t\t<\/div>\n\t\t\t\t\t<\/div>\n\t\t<\/section>\n\t\t\t\t<section class=\"elementor-section elementor-top-section elementor-element elementor-element-cdac420 elementor-section-boxed elementor-section-height-default elementor-section-height-default\" data-id=\"cdac420\" data-element_type=\"section\" data-e-type=\"section\" data-settings=\"{&quot;background_background&quot;:&quot;classic&quot;}\">\n\t\t\t\t\t\t<div class=\"elementor-container elementor-column-gap-default\">\n\t\t\t\t\t<div class=\"elementor-column elementor-col-50 elementor-top-column elementor-element elementor-element-09809f7\" data-id=\"09809f7\" data-element_type=\"column\" data-e-type=\"column\">\n\t\t\t<div class=\"elementor-widget-wrap elementor-element-populated\">\n\t\t\t\t\t\t<div class=\"elementor-element elementor-element-a40d2be elementor-widget-tablet__width-initial elementor-widget elementor-widget-heading\" data-id=\"a40d2be\" data-element_type=\"widget\" data-e-type=\"widget\" data-widget_type=\"heading.default\">\n\t\t\t\t<div class=\"elementor-widget-container\">\n\t\t\t\t\t<h2 class=\"elementor-heading-title elementor-size-default\">Bitte gehe in den Microsoft Teams App Store um Team<i>Linx<\/i>42 herunter zu laden<\/h2>\t\t\t\t<\/div>\n\t\t\t\t<\/div>\n\t\t\t\t\t<\/div>\n\t\t<\/div>\n\t\t\t\t<div class=\"elementor-column elementor-col-50 elementor-top-column elementor-element elementor-element-a62c3d6\" data-id=\"a62c3d6\" data-element_type=\"column\" data-e-type=\"column\">\n\t\t\t<div class=\"elementor-widget-wrap elementor-element-populated\">\n\t\t\t\t\t\t<div class=\"elementor-element elementor-element-091a5cf elementor-align-right elementor-mobile-align-justify elementor-widget elementor-widget-button\" data-id=\"091a5cf\" data-element_type=\"widget\" data-e-type=\"widget\" data-widget_type=\"button.default\">\n\t\t\t\t<div class=\"elementor-widget-container\">\n\t\t\t\t\t\t\t\t\t<div class=\"elementor-button-wrapper\">\n\t\t\t\t\t<a class=\"elementor-button elementor-button-link elementor-size-sm\" href=\"https:\/\/teams.microsoft.com\/l\/app\/4389b035-397d-8c7d-713e-0c134a2b4687?source=app-details-dialog\">\n\t\t\t\t\t\t<span class=\"elementor-button-content-wrapper\">\n\t\t\t\t\t\t\t\t\t<span class=\"elementor-button-text\">Kostenlose Testversion herunterladen<\/span>\n\t\t\t\t\t<\/span>\n\t\t\t\t\t<\/a>\n\t\t\t\t<\/div>\n\t\t\t\t\t\t\t\t<\/div>\n\t\t\t\t<\/div>\n\t\t\t\t\t<\/div>\n\t\t<\/div>\n\t\t\t\t\t<\/div>\n\t\t<\/section>\n\t\t\t\t<section class=\"elementor-section elementor-top-section elementor-element elementor-element-f14b682 elementor-section-boxed elementor-section-height-default elementor-section-height-default\" data-id=\"f14b682\" data-element_type=\"section\" data-e-type=\"section\" data-settings=\"{&quot;background_background&quot;:&quot;classic&quot;}\">\n\t\t\t\t\t\t<div class=\"elementor-container elementor-column-gap-default\">\n\t\t\t\t\t<div class=\"elementor-column elementor-col-100 elementor-top-column elementor-element elementor-element-da3bdd6\" data-id=\"da3bdd6\" data-element_type=\"column\" data-e-type=\"column\">\n\t\t\t<div class=\"elementor-widget-wrap elementor-element-populated\">\n\t\t\t\t\t\t<div class=\"elementor-element elementor-element-55191a3 elementor-widget elementor-widget-heading\" data-id=\"55191a3\" data-element_type=\"widget\" data-e-type=\"widget\" data-widget_type=\"heading.default\">\n\t\t\t\t<div class=\"elementor-widget-container\">\n\t\t\t\t\t<h2 class=\"elementor-heading-title elementor-size-default\">Starte in 3 einfachen Schritten:<\/h2>\t\t\t\t<\/div>\n\t\t\t\t<\/div>\n\t\t\t\t\t<\/div>\n\t\t<\/div>\n\t\t\t\t\t<\/div>\n\t\t<\/section>\n\t\t\t\t<section class=\"elementor-section elementor-top-section elementor-element elementor-element-aeed7ad elementor-section-boxed elementor-section-height-default elementor-section-height-default\" data-id=\"aeed7ad\" data-element_type=\"section\" data-e-type=\"section\" data-settings=\"{&quot;background_background&quot;:&quot;classic&quot;}\">\n\t\t\t\t\t\t<div class=\"elementor-container elementor-column-gap-default\">\n\t\t\t\t\t<div class=\"elementor-column elementor-col-33 elementor-top-column elementor-element elementor-element-c33b1c7\" data-id=\"c33b1c7\" data-element_type=\"column\" data-e-type=\"column\" id=\"easyStepsColum\" data-settings=\"{&quot;background_background&quot;:&quot;classic&quot;}\">\n\t\t\t<div class=\"elementor-widget-wrap elementor-element-populated\">\n\t\t\t\t\t\t<div class=\"elementor-element elementor-element-c610880 elementor-widget elementor-widget-image\" data-id=\"c610880\" data-element_type=\"widget\" data-e-type=\"widget\" id=\"pic\" data-widget_type=\"image.default\">\n\t\t\t\t<div class=\"elementor-widget-container\">\n\t\t\t\t\t\t\t\t\t\t\t\t\t\t\t<img fetchpriority=\"high\" decoding=\"async\" width=\"671\" height=\"720\" src=\"https:\/\/teamlinx42.app\/wp-content\/uploads\/2022\/07\/step1.png\" class=\"attachment-large size-large wp-image-551\" alt=\"\" srcset=\"https:\/\/teamlinx42.app\/wp-content\/uploads\/2022\/07\/step1.png 671w, https:\/\/teamlinx42.app\/wp-content\/uploads\/2022\/07\/step1-280x300.png 280w\" sizes=\"(max-width: 671px) 100vw, 671px\" \/>\t\t\t\t\t\t\t\t\t\t\t\t\t\t\t<\/div>\n\t\t\t\t<\/div>\n\t\t\t\t<div class=\"elementor-element elementor-element-e5e07b5 elementor-widget elementor-widget-text-editor\" data-id=\"e5e07b5\" data-element_type=\"widget\" data-e-type=\"widget\" data-widget_type=\"text-editor.default\">\n\t\t\t\t<div class=\"elementor-widget-container\">\n\t\t\t\t\t\t\t\t\t<p>Lade das Installationspaket herunter<\/p>\n\t\t\t\t\t\t\t\t<\/div>\n\t\t\t\t<\/div>\n\t\t\t\t\t<\/div>\n\t\t<\/div>\n\t\t\t\t<div class=\"elementor-column elementor-col-33 elementor-top-column elementor-element elementor-element-018036d\" data-id=\"018036d\" data-element_type=\"column\" data-e-type=\"column\" data-settings=\"{&quot;background_background&quot;:&quot;classic&quot;}\">\n\t\t\t<div class=\"elementor-widget-wrap elementor-element-populated\">\n\t\t\t\t\t\t<div class=\"elementor-element elementor-element-227d54b elementor-widget elementor-widget-image\" data-id=\"227d54b\" data-element_type=\"widget\" data-e-type=\"widget\" id=\"pic\" data-widget_type=\"image.default\">\n\t\t\t\t<div class=\"elementor-widget-container\">\n\t\t\t\t\t\t\t\t\t\t\t\t\t\t\t<img decoding=\"async\" width=\"671\" height=\"720\" src=\"https:\/\/teamlinx42.app\/wp-content\/uploads\/2022\/07\/step2.png\" class=\"attachment-large size-large wp-image-553\" alt=\"\" srcset=\"https:\/\/teamlinx42.app\/wp-content\/uploads\/2022\/07\/step2.png 671w, https:\/\/teamlinx42.app\/wp-content\/uploads\/2022\/07\/step2-280x300.png 280w\" sizes=\"(max-width: 671px) 100vw, 671px\" \/>\t\t\t\t\t\t\t\t\t\t\t\t\t\t\t<\/div>\n\t\t\t\t<\/div>\n\t\t\t\t<div class=\"elementor-element elementor-element-f5bc51c elementor-widget elementor-widget-text-editor\" data-id=\"f5bc51c\" data-element_type=\"widget\" data-e-type=\"widget\" data-widget_type=\"text-editor.default\">\n\t\t\t\t<div class=\"elementor-widget-container\">\n\t\t\t\t\t\t\t\t\t<p>Gib als Admin die Zustimmung f\u00fcr die n\u00f6tigen Berechtigungen<\/p>\n\t\t\t\t\t\t\t\t<\/div>\n\t\t\t\t<\/div>\n\t\t\t\t\t<\/div>\n\t\t<\/div>\n\t\t\t\t<div class=\"elementor-column elementor-col-33 elementor-top-column elementor-element elementor-element-3f8597f\" data-id=\"3f8597f\" data-element_type=\"column\" data-e-type=\"column\" data-settings=\"{&quot;background_background&quot;:&quot;classic&quot;}\">\n\t\t\t<div class=\"elementor-widget-wrap elementor-element-populated\">\n\t\t\t\t\t\t<div class=\"elementor-element elementor-element-fd96a51 elementor-widget elementor-widget-image\" data-id=\"fd96a51\" data-element_type=\"widget\" data-e-type=\"widget\" id=\"pic\" data-widget_type=\"image.default\">\n\t\t\t\t<div class=\"elementor-widget-container\">\n\t\t\t\t\t\t\t\t\t\t\t\t\t\t\t<img decoding=\"async\" width=\"671\" height=\"720\" src=\"https:\/\/teamlinx42.app\/wp-content\/uploads\/2022\/07\/step3.png\" class=\"attachment-large size-large wp-image-555\" alt=\"\" srcset=\"https:\/\/teamlinx42.app\/wp-content\/uploads\/2022\/07\/step3.png 671w, https:\/\/teamlinx42.app\/wp-content\/uploads\/2022\/07\/step3-280x300.png 280w\" sizes=\"(max-width: 671px) 100vw, 671px\" \/>\t\t\t\t\t\t\t\t\t\t\t\t\t\t\t<\/div>\n\t\t\t\t<\/div>\n\t\t\t\t<div class=\"elementor-element elementor-element-05b86ac elementor-widget elementor-widget-text-editor\" data-id=\"05b86ac\" data-element_type=\"widget\" data-e-type=\"widget\" data-widget_type=\"text-editor.default\">\n\t\t\t\t<div class=\"elementor-widget-container\">\n\t\t\t\t\t\t\t\t\t<p>F\u00fcge die App Deiner angehefteten Bibliothek hinzu<\/p>\n\t\t\t\t\t\t\t\t<\/div>\n\t\t\t\t<\/div>\n\t\t\t\t\t<\/div>\n\t\t<\/div>\n\t\t\t\t\t<\/div>\n\t\t<\/section>\n\t\t\t\t<section class=\"elementor-section elementor-top-section elementor-element elementor-element-c2a0fac elementor-section-boxed elementor-section-height-default elementor-section-height-default\" data-id=\"c2a0fac\" data-element_type=\"section\" data-e-type=\"section\" data-settings=\"{&quot;background_background&quot;:&quot;classic&quot;}\">\n\t\t\t\t\t\t<div class=\"elementor-container elementor-column-gap-default\">\n\t\t\t\t\t<div class=\"elementor-column elementor-col-100 elementor-top-column elementor-element elementor-element-7d343b3\" data-id=\"7d343b3\" data-element_type=\"column\" data-e-type=\"column\">\n\t\t\t<div class=\"elementor-widget-wrap elementor-element-populated\">\n\t\t\t\t\t\t<div class=\"elementor-element elementor-element-39e65a2 elementor-widget elementor-widget-heading\" data-id=\"39e65a2\" data-element_type=\"widget\" data-e-type=\"widget\" data-widget_type=\"heading.default\">\n\t\t\t\t<div class=\"elementor-widget-container\">\n\t\t\t\t\t<h2 class=\"elementor-heading-title elementor-size-default\">N\u00fctzliche Ressourcen<\/h2>\t\t\t\t<\/div>\n\t\t\t\t<\/div>\n\t\t\t\t\t<\/div>\n\t\t<\/div>\n\t\t\t\t\t<\/div>\n\t\t<\/section>\n\t\t\t\t<section class=\"elementor-section elementor-top-section elementor-element elementor-element-342909b elementor-section-boxed elementor-section-height-default elementor-section-height-default\" data-id=\"342909b\" data-element_type=\"section\" data-e-type=\"section\" data-settings=\"{&quot;background_background&quot;:&quot;classic&quot;}\">\n\t\t\t\t\t\t<div class=\"elementor-container elementor-column-gap-default\">\n\t\t\t\t\t<div class=\"elementor-column elementor-col-50 elementor-top-column elementor-element elementor-element-aeb9551\" data-id=\"aeb9551\" data-element_type=\"column\" data-e-type=\"column\" data-settings=\"{&quot;background_background&quot;:&quot;classic&quot;}\">\n\t\t\t<div class=\"elementor-widget-wrap elementor-element-populated\">\n\t\t\t\t\t\t<div class=\"elementor-element elementor-element-b8221cb elementor-view-default elementor-widget elementor-widget-icon\" data-id=\"b8221cb\" data-element_type=\"widget\" data-e-type=\"widget\" data-widget_type=\"icon.default\">\n\t\t\t\t<div class=\"elementor-widget-container\">\n\t\t\t\t\t\t\t<div class=\"elementor-icon-wrapper\">\n\t\t\t<div class=\"elementor-icon\">\n\t\t\t<i aria-hidden=\"true\" class=\"far fa-window-restore\"><\/i>\t\t\t<\/div>\n\t\t<\/div>\n\t\t\t\t\t\t<\/div>\n\t\t\t\t<\/div>\n\t\t\t\t<div class=\"elementor-element elementor-element-6c9d87d elementor-widget elementor-widget-heading\" data-id=\"6c9d87d\" data-element_type=\"widget\" data-e-type=\"widget\" data-widget_type=\"heading.default\">\n\t\t\t\t<div class=\"elementor-widget-container\">\n\t\t\t\t\t<h2 class=\"elementor-heading-title elementor-size-default\"><a href=\"https:\/\/teamlinx42.app\/de\/install\/\">Installations-Anleitung &gt;&gt;<\/a><\/h2>\t\t\t\t<\/div>\n\t\t\t\t<\/div>\n\t\t\t\t\t<\/div>\n\t\t<\/div>\n\t\t\t\t<div class=\"elementor-column elementor-col-50 elementor-top-column elementor-element elementor-element-376bd0e\" data-id=\"376bd0e\" data-element_type=\"column\" data-e-type=\"column\" data-settings=\"{&quot;background_background&quot;:&quot;classic&quot;}\">\n\t\t\t<div class=\"elementor-widget-wrap elementor-element-populated\">\n\t\t\t\t\t\t<div class=\"elementor-element elementor-element-63da290 elementor-view-default elementor-widget elementor-widget-icon\" data-id=\"63da290\" data-element_type=\"widget\" data-e-type=\"widget\" data-widget_type=\"icon.default\">\n\t\t\t\t<div class=\"elementor-widget-container\">\n\t\t\t\t\t\t\t<div class=\"elementor-icon-wrapper\">\n\t\t\t<div class=\"elementor-icon\">\n\t\t\t<i aria-hidden=\"true\" class=\"fas fa-book\"><\/i>\t\t\t<\/div>\n\t\t<\/div>\n\t\t\t\t\t\t<\/div>\n\t\t\t\t<\/div>\n\t\t\t\t<div class=\"elementor-element elementor-element-10723e8 elementor-widget elementor-widget-heading\" data-id=\"10723e8\" data-element_type=\"widget\" data-e-type=\"widget\" data-widget_type=\"heading.default\">\n\t\t\t\t<div class=\"elementor-widget-container\">\n\t\t\t\t\t<h2 class=\"elementor-heading-title elementor-size-default\"><a href=\"https:\/\/teamlinx42.app\/de\/?page_id=4158\">Team<i>Linx<\/i>42 Handbuch &gt;&gt;<\/a><\/h2>\t\t\t\t<\/div>\n\t\t\t\t<\/div>\n\t\t\t\t\t<\/div>\n\t\t<\/div>\n\t\t\t\t\t<\/div>\n\t\t<\/section>\n\t\t\t\t<\/div>\n\t\t","protected":false},"excerpt":{"rendered":"<p>Download &amp; Installation Bitte gehe in den Microsoft Teams App Store um TeamLinx42 herunter zu laden Kostenlose Testversion herunterladen Starte in 3 einfachen Schritten: Lade das Installationspaket herunter Gib als Admin die Zustimmung f\u00fcr die n\u00f6tigen Berechtigungen F\u00fcge die App Deiner angehefteten Bibliothek hinzu N\u00fctzliche Ressourcen Installations-Anleitung &gt;&gt; TeamLinx42 Handbuch &gt;&gt;<\/p>\n","protected":false},"author":1,"featured_media":0,"parent":0,"menu_order":0,"comment_status":"closed","ping_status":"closed","template":"","meta":{"footnotes":""},"class_list":["post-927","page","type-page","status-publish","hentry"],"yoast_head":"<!-- This site is optimized with the Yoast SEO plugin v27.3 - https:\/\/yoast.com\/product\/yoast-seo-wordpress\/ -->\n<title>Download - TeamLinx42<\/title>\n<meta name=\"description\" content=\"Lade TeamLinx42 herunter und beginne mit der Installation in 3 einfachen Schritten\" \/>\n<meta name=\"robots\" content=\"index, follow, max-snippet:-1, max-image-preview:large, max-video-preview:-1\" \/>\n<link rel=\"canonical\" href=\"https:\/\/teamlinx42.app\/de\/download\/\" \/>\n<meta property=\"og:locale\" content=\"de_DE\" \/>\n<meta property=\"og:type\" content=\"article\" \/>\n<meta property=\"og:title\" content=\"Download - TeamLinx42\" \/>\n<meta property=\"og:description\" content=\"Lade TeamLinx42 herunter und beginne mit der Installation in 3 einfachen Schritten\" \/>\n<meta property=\"og:url\" content=\"https:\/\/teamlinx42.app\/de\/download\/\" \/>\n<meta property=\"og:site_name\" content=\"TeamLinx42\" \/>\n<meta property=\"article:modified_time\" content=\"2024-02-09T13:56:36+00:00\" \/>\n<meta property=\"og:image\" content=\"https:\/\/teamlinx42.app\/wp-content\/uploads\/2022\/07\/step1.png\" \/>\n<meta name=\"twitter:card\" content=\"summary_large_image\" \/>\n<meta name=\"twitter:label1\" content=\"Gesch\u00e4tzte Lesezeit\" \/>\n\t<meta name=\"twitter:data1\" content=\"1\u00a0Minute\" \/>\n<script type=\"application\/ld+json\" class=\"yoast-schema-graph\">{\"@context\":\"https:\\\/\\\/schema.org\",\"@graph\":[{\"@type\":\"WebPage\",\"@id\":\"https:\\\/\\\/teamlinx42.app\\\/de\\\/download\\\/\",\"url\":\"https:\\\/\\\/teamlinx42.app\\\/de\\\/download\\\/\",\"name\":\"Download - TeamLinx42\",\"isPartOf\":{\"@id\":\"https:\\\/\\\/teamlinx42.app\\\/#website\"},\"primaryImageOfPage\":{\"@id\":\"https:\\\/\\\/teamlinx42.app\\\/de\\\/download\\\/#primaryimage\"},\"image\":{\"@id\":\"https:\\\/\\\/teamlinx42.app\\\/de\\\/download\\\/#primaryimage\"},\"thumbnailUrl\":\"https:\\\/\\\/teamlinx42.app\\\/wp-content\\\/uploads\\\/2022\\\/07\\\/step1.png\",\"datePublished\":\"2022-07-15T09:47:43+00:00\",\"dateModified\":\"2024-02-09T13:56:36+00:00\",\"description\":\"Lade TeamLinx42 herunter und beginne mit der Installation in 3 einfachen Schritten\",\"breadcrumb\":{\"@id\":\"https:\\\/\\\/teamlinx42.app\\\/de\\\/download\\\/#breadcrumb\"},\"inLanguage\":\"de\",\"potentialAction\":[{\"@type\":\"ReadAction\",\"target\":[\"https:\\\/\\\/teamlinx42.app\\\/de\\\/download\\\/\"]}]},{\"@type\":\"ImageObject\",\"inLanguage\":\"de\",\"@id\":\"https:\\\/\\\/teamlinx42.app\\\/de\\\/download\\\/#primaryimage\",\"url\":\"https:\\\/\\\/teamlinx42.app\\\/wp-content\\\/uploads\\\/2022\\\/07\\\/step1.png\",\"contentUrl\":\"https:\\\/\\\/teamlinx42.app\\\/wp-content\\\/uploads\\\/2022\\\/07\\\/step1.png\"},{\"@type\":\"BreadcrumbList\",\"@id\":\"https:\\\/\\\/teamlinx42.app\\\/de\\\/download\\\/#breadcrumb\",\"itemListElement\":[{\"@type\":\"ListItem\",\"position\":1,\"name\":\"Home\",\"item\":\"https:\\\/\\\/teamlinx42.app\\\/de\\\/homepage\\\/\"},{\"@type\":\"ListItem\",\"position\":2,\"name\":\"Download\"}]},{\"@type\":\"WebSite\",\"@id\":\"https:\\\/\\\/teamlinx42.app\\\/#website\",\"url\":\"https:\\\/\\\/teamlinx42.app\\\/\",\"name\":\"TeamLinx42\",\"description\":\"\",\"publisher\":{\"@id\":\"https:\\\/\\\/teamlinx42.app\\\/#organization\"},\"potentialAction\":[{\"@type\":\"SearchAction\",\"target\":{\"@type\":\"EntryPoint\",\"urlTemplate\":\"https:\\\/\\\/teamlinx42.app\\\/?s={search_term_string}\"},\"query-input\":{\"@type\":\"PropertyValueSpecification\",\"valueRequired\":true,\"valueName\":\"search_term_string\"}}],\"inLanguage\":\"de\"},{\"@type\":\"Organization\",\"@id\":\"https:\\\/\\\/teamlinx42.app\\\/#organization\",\"name\":\"TeamLinx42\",\"url\":\"https:\\\/\\\/teamlinx42.app\\\/\",\"logo\":{\"@type\":\"ImageObject\",\"inLanguage\":\"de\",\"@id\":\"https:\\\/\\\/teamlinx42.app\\\/#\\\/schema\\\/logo\\\/image\\\/\",\"url\":\"https:\\\/\\\/teamlinx42.app\\\/wp-content\\\/uploads\\\/2022\\\/07\\\/Logo-Full-white-768x156-1.png\",\"contentUrl\":\"https:\\\/\\\/teamlinx42.app\\\/wp-content\\\/uploads\\\/2022\\\/07\\\/Logo-Full-white-768x156-1.png\",\"width\":636,\"height\":109,\"caption\":\"TeamLinx42\"},\"image\":{\"@id\":\"https:\\\/\\\/teamlinx42.app\\\/#\\\/schema\\\/logo\\\/image\\\/\"}}]}<\/script>\n<!-- \/ Yoast SEO plugin. -->","yoast_head_json":{"title":"Download - TeamLinx42","description":"Lade TeamLinx42 herunter und beginne mit der Installation in 3 einfachen Schritten","robots":{"index":"index","follow":"follow","max-snippet":"max-snippet:-1","max-image-preview":"max-image-preview:large","max-video-preview":"max-video-preview:-1"},"canonical":"https:\/\/teamlinx42.app\/de\/download\/","og_locale":"de_DE","og_type":"article","og_title":"Download - TeamLinx42","og_description":"Lade TeamLinx42 herunter und beginne mit der Installation in 3 einfachen Schritten","og_url":"https:\/\/teamlinx42.app\/de\/download\/","og_site_name":"TeamLinx42","article_modified_time":"2024-02-09T13:56:36+00:00","og_image":[{"url":"https:\/\/teamlinx42.app\/wp-content\/uploads\/2022\/07\/step1.png","type":"","width":"","height":""}],"twitter_card":"summary_large_image","twitter_misc":{"Gesch\u00e4tzte Lesezeit":"1\u00a0Minute"},"schema":{"@context":"https:\/\/schema.org","@graph":[{"@type":"WebPage","@id":"https:\/\/teamlinx42.app\/de\/download\/","url":"https:\/\/teamlinx42.app\/de\/download\/","name":"Download - TeamLinx42","isPartOf":{"@id":"https:\/\/teamlinx42.app\/#website"},"primaryImageOfPage":{"@id":"https:\/\/teamlinx42.app\/de\/download\/#primaryimage"},"image":{"@id":"https:\/\/teamlinx42.app\/de\/download\/#primaryimage"},"thumbnailUrl":"https:\/\/teamlinx42.app\/wp-content\/uploads\/2022\/07\/step1.png","datePublished":"2022-07-15T09:47:43+00:00","dateModified":"2024-02-09T13:56:36+00:00","description":"Lade TeamLinx42 herunter und beginne mit der Installation in 3 einfachen Schritten","breadcrumb":{"@id":"https:\/\/teamlinx42.app\/de\/download\/#breadcrumb"},"inLanguage":"de","potentialAction":[{"@type":"ReadAction","target":["https:\/\/teamlinx42.app\/de\/download\/"]}]},{"@type":"ImageObject","inLanguage":"de","@id":"https:\/\/teamlinx42.app\/de\/download\/#primaryimage","url":"https:\/\/teamlinx42.app\/wp-content\/uploads\/2022\/07\/step1.png","contentUrl":"https:\/\/teamlinx42.app\/wp-content\/uploads\/2022\/07\/step1.png"},{"@type":"BreadcrumbList","@id":"https:\/\/teamlinx42.app\/de\/download\/#breadcrumb","itemListElement":[{"@type":"ListItem","position":1,"name":"Home","item":"https:\/\/teamlinx42.app\/de\/homepage\/"},{"@type":"ListItem","position":2,"name":"Download"}]},{"@type":"WebSite","@id":"https:\/\/teamlinx42.app\/#website","url":"https:\/\/teamlinx42.app\/","name":"TeamLinx42","description":"","publisher":{"@id":"https:\/\/teamlinx42.app\/#organization"},"potentialAction":[{"@type":"SearchAction","target":{"@type":"EntryPoint","urlTemplate":"https:\/\/teamlinx42.app\/?s={search_term_string}"},"query-input":{"@type":"PropertyValueSpecification","valueRequired":true,"valueName":"search_term_string"}}],"inLanguage":"de"},{"@type":"Organization","@id":"https:\/\/teamlinx42.app\/#organization","name":"TeamLinx42","url":"https:\/\/teamlinx42.app\/","logo":{"@type":"ImageObject","inLanguage":"de","@id":"https:\/\/teamlinx42.app\/#\/schema\/logo\/image\/","url":"https:\/\/teamlinx42.app\/wp-content\/uploads\/2022\/07\/Logo-Full-white-768x156-1.png","contentUrl":"https:\/\/teamlinx42.app\/wp-content\/uploads\/2022\/07\/Logo-Full-white-768x156-1.png","width":636,"height":109,"caption":"TeamLinx42"},"image":{"@id":"https:\/\/teamlinx42.app\/#\/schema\/logo\/image\/"}}]}},"_links":{"self":[{"href":"https:\/\/teamlinx42.app\/de\/wp-json\/wp\/v2\/pages\/927","targetHints":{"allow":["GET"]}}],"collection":[{"href":"https:\/\/teamlinx42.app\/de\/wp-json\/wp\/v2\/pages"}],"about":[{"href":"https:\/\/teamlinx42.app\/de\/wp-json\/wp\/v2\/types\/page"}],"author":[{"embeddable":true,"href":"https:\/\/teamlinx42.app\/de\/wp-json\/wp\/v2\/users\/1"}],"replies":[{"embeddable":true,"href":"https:\/\/teamlinx42.app\/de\/wp-json\/wp\/v2\/comments?post=927"}],"version-history":[{"count":7,"href":"https:\/\/teamlinx42.app\/de\/wp-json\/wp\/v2\/pages\/927\/revisions"}],"predecessor-version":[{"id":5444,"href":"https:\/\/teamlinx42.app\/de\/wp-json\/wp\/v2\/pages\/927\/revisions\/5444"}],"wp:attachment":[{"href":"https:\/\/teamlinx42.app\/de\/wp-json\/wp\/v2\/media?parent=927"}],"curies":[{"name":"wp","href":"https:\/\/api.w.org\/{rel}","templated":true}]}}