{"id":964,"date":"2022-07-15T19:10:23","date_gmt":"2022-07-15T17:10:23","guid":{"rendered":"https:\/\/dev.teamlinx42.app\/imprint\/"},"modified":"2023-07-30T17:46:05","modified_gmt":"2023-07-30T15:46:05","slug":"imprint","status":"publish","type":"page","link":"https:\/\/teamlinx42.app\/de\/imprint\/","title":{"rendered":"Imprint"},"content":{"rendered":"\t\t<div data-elementor-type=\"wp-page\" data-elementor-id=\"964\" class=\"elementor elementor-964 elementor-387\" data-elementor-post-type=\"page\">\n\t\t\t\t\t\t<section class=\"elementor-section elementor-top-section elementor-element elementor-element-c29a90c elementor-section-full_width elementor-section-height-default elementor-section-height-default\" data-id=\"c29a90c\" data-element_type=\"section\" data-e-type=\"section\">\n\t\t\t\t\t\t<div class=\"elementor-container elementor-column-gap-default\">\n\t\t\t\t\t<div class=\"elementor-column elementor-col-100 elementor-top-column elementor-element elementor-element-e7ecae3\" data-id=\"e7ecae3\" data-element_type=\"column\" data-e-type=\"column\">\n\t\t\t<div class=\"elementor-widget-wrap elementor-element-populated\">\n\t\t\t\t\t\t<div class=\"elementor-element elementor-element-44dc6ba elementor-widget elementor-widget-heading\" data-id=\"44dc6ba\" data-element_type=\"widget\" data-e-type=\"widget\" data-widget_type=\"heading.default\">\n\t\t\t\t<div class=\"elementor-widget-container\">\n\t\t\t\t\t<h1 class=\"elementor-heading-title elementor-size-default\">Imprint<\/h1>\t\t\t\t<\/div>\n\t\t\t\t<\/div>\n\t\t\t\t<div class=\"elementor-element elementor-element-29404df elementor-widget elementor-widget-text-editor\" data-id=\"29404df\" data-element_type=\"widget\" data-e-type=\"widget\" data-widget_type=\"text-editor.default\">\n\t\t\t\t<div class=\"elementor-widget-container\">\n\t\t\t\t\t\t\t\t\t<h3 style=\"text-align: center;\">AppSphere AG | Ludwig-Erhard-Stra\u00dfe 2 | 76275 Ettlingen | Germany<\/h3>\n<p style=\"text-align: center;\">T: +49 7243 34887-0 | F: +49 7243 34887-99<br \/>W: www.appsphere.com | M:<a> info@appsphere.com<\/a><br \/>Amtsgericht Mannheim | Handelsregister-Nr.: HRB709034 | UID: DE 269863243<\/p>\n<p style=\"text-align: center;\"><strong>Vorstand<\/strong><br \/>Dipl. Ing. (FH) Frank Roth<br \/>Dipl. Ing. Frank Seibert<br \/>Daniel Vollmer<\/p>\n<p style=\"text-align: center;\"><strong>Aufsichtsrat<\/strong><br \/>Dr. Joachim Bernecker (Vorsitzender)<br \/>Hagen Buchwald (stellv. Vorsitzender)<br \/>Knut Bargen<\/p>\n\t\t\t\t\t\t\t\t<\/div>\n\t\t\t\t<\/div>\n\t\t\t\t<div class=\"elementor-element elementor-element-97c40e8 elementor-widget-divider--view-line elementor-widget elementor-widget-divider\" data-id=\"97c40e8\" data-element_type=\"widget\" data-e-type=\"widget\" data-widget_type=\"divider.default\">\n\t\t\t\t<div class=\"elementor-widget-container\">\n\t\t\t\t\t\t\t<div class=\"elementor-divider\">\n\t\t\t<span class=\"elementor-divider-separator\">\n\t\t\t\t\t\t<\/span>\n\t\t<\/div>\n\t\t\t\t\t\t<\/div>\n\t\t\t\t<\/div>\n\t\t\t\t<div class=\"elementor-element elementor-element-071b393 elementor-widget elementor-widget-heading\" data-id=\"071b393\" data-element_type=\"widget\" data-e-type=\"widget\" data-widget_type=\"heading.default\">\n\t\t\t\t<div class=\"elementor-widget-container\">\n\t\t\t\t\t<h3 class=\"elementor-heading-title elementor-size-default\">Disclaimer<\/h3>\t\t\t\t<\/div>\n\t\t\t\t<\/div>\n\t\t\t\t<div class=\"elementor-element elementor-element-6e93622 elementor-widget elementor-widget-text-editor\" data-id=\"6e93622\" data-element_type=\"widget\" data-e-type=\"widget\" data-widget_type=\"text-editor.default\">\n\t\t\t\t<div class=\"elementor-widget-container\">\n\t\t\t\t\t\t\t\t\t<h3>1. Haftungsbeschr\u00e4nkung<\/h3>\n<p>Die Inhalte dieser Website werden mit gr\u00f6\u00dftm\u00f6glicher Sorgfalt erstellt. Der Anbieter \u00fcbernimmt jedoch keine Gew\u00e4hr f\u00fcr die Richtigkeit, Vollst\u00e4ndigkeit und Aktualit\u00e4t der bereitgestellten Inhalte. Die Nutzung der Inhalte der Website erfolgt auf eigene Gefahr des Nutzers. Namentlich gekennzeichnete Beitr\u00e4ge geben die Meinung des jeweiligen Autors und nicht immer die Meinung des Anbieters wieder. Mit der reinen Nutzung der Website des Anbieters kommt keinerlei Vertragsverh\u00e4ltnis zwischen dem Nutzer und dem Anbieter zustande.<\/p>\n\t\t\t\t\t\t\t\t<\/div>\n\t\t\t\t<\/div>\n\t\t\t\t<div class=\"elementor-element elementor-element-6ab3c1b elementor-widget elementor-widget-text-editor\" data-id=\"6ab3c1b\" data-element_type=\"widget\" data-e-type=\"widget\" data-widget_type=\"text-editor.default\">\n\t\t\t\t<div class=\"elementor-widget-container\">\n\t\t\t\t\t\t\t\t\t<h3>2. Externe Links<\/h3>\n<p>Diese Website enth\u00e4lt Verkn\u00fcpfungen zu Websites Dritter (\u201cexterne Links\u201d). Diese Websites unterliegen der Haftung der jeweiligen Betreiber. Der Anbieter hat bei der erstmaligen Verkn\u00fcpfung der externen Links die fremden Inhalte daraufhin \u00fcberpr\u00fcft, ob etwaige Rechtsverst\u00f6\u00dfe bestehen. Zu dem Zeitpunkt waren keine Rechtsverst\u00f6\u00dfe ersichtlich. Der Anbieter hat keinerlei Einfluss auf die aktuelle und zuk\u00fcnftige Gestaltung und auf die Inhalte der verkn\u00fcpften Seiten. Das Setzen von externen Links bedeutet nicht, dass sich der Anbieter die hinter dem Verweis oder Link liegenden Inhalte zu Eigen macht. Eine st\u00e4ndige Kontrolle dieser externen Links ist f\u00fcr den Anbieter ohne konkrete Hinweise auf Rechtsverst\u00f6\u00dfe nicht zumutbar. Bei Kenntnis von Rechtsverst\u00f6\u00dfen werden jedoch derartige externe Links unverz\u00fcglich gel\u00f6scht.<\/p>\n\t\t\t\t\t\t\t\t<\/div>\n\t\t\t\t<\/div>\n\t\t\t\t<div class=\"elementor-element elementor-element-bc2a66b elementor-widget elementor-widget-text-editor\" data-id=\"bc2a66b\" data-element_type=\"widget\" data-e-type=\"widget\" data-widget_type=\"text-editor.default\">\n\t\t\t\t<div class=\"elementor-widget-container\">\n\t\t\t\t\t\t\t\t\t<h3>3. Urheber- und Leistungsschutzrechte<\/h3>\n<p>Die auf dieser Website ver\u00f6ffentlichten Inhalte unterliegen dem deutschen Urheber- und Leistungsschutzrecht. Jede vom deutschen Urheber- und Leistungsschutzrecht nicht zugelassene Verwertung bedarf der vorherigen schriftlichen Zustimmung des Anbieters oder jeweiligen Rechteinhabers. Dies gilt insbesondere f\u00fcr Vervielf\u00e4ltigung, Bearbeitung, \u00dcbersetzung, Einspeicherung, Verarbeitung bzw. Wiedergabe von Inhalten in Datenbanken oder anderen elektronischen Medien und Systemen. Inhalte und Rechte Dritter sind dabei als solche gekennzeichnet.<\/p>\n<p>Die unerlaubte Vervielf\u00e4ltigung oder Weitergabe einzelner Inhalte oder kompletter Seiten ist nicht gestattet und strafbar. Lediglich die Herstellung von Kopien und Downloads f\u00fcr den pers\u00f6nlichen, privaten und nicht kommerziellen Gebrauch ist erlaubt.<br \/>Die Darstellung dieser Website in fremden Frames ist nur mit schriftlicher Erlaubnis zul\u00e4ssig.<\/p>\n\t\t\t\t\t\t\t\t<\/div>\n\t\t\t\t<\/div>\n\t\t\t\t<div class=\"elementor-element elementor-element-6af85eb elementor-widget elementor-widget-text-editor\" data-id=\"6af85eb\" data-element_type=\"widget\" data-e-type=\"widget\" data-widget_type=\"text-editor.default\">\n\t\t\t\t<div class=\"elementor-widget-container\">\n\t\t\t\t\t\t\t\t\t<h3>4. Besondere Nutzungsbedingungen<\/h3>\n<p>Soweit besondere Bedingungen f\u00fcr einzelne Nutzungen dieser Website von den vorgenannten Nummern 1. bis 3. abweichen, wird an entsprechender Stelle ausdr\u00fccklich darauf hingewiesen. In diesem Falle gelten im jeweiligen Einzelfall die besonderen Nutzungsbedingungen.<\/p>\n\t\t\t\t\t\t\t\t<\/div>\n\t\t\t\t<\/div>\n\t\t\t\t\t<\/div>\n\t\t<\/div>\n\t\t\t\t\t<\/div>\n\t\t<\/section>\n\t\t\t\t<\/div>\n\t\t","protected":false},"excerpt":{"rendered":"<p>Imprint AppSphere AG | Ludwig-Erhard-Stra\u00dfe 2 | 76275 Ettlingen | Germany T: +49 7243 34887-0 | F: +49 7243 34887-99W: www.appsphere.com | M: info@appsphere.comAmtsgericht Mannheim | Handelsregister-Nr.: HRB709034 | UID: DE 269863243 VorstandDipl. Ing. (FH) Frank RothDipl. Ing. Frank SeibertDaniel Vollmer AufsichtsratDr. Joachim Bernecker (Vorsitzender)Hagen Buchwald (stellv. Vorsitzender)Knut Bargen Disclaimer 1. Haftungsbeschr\u00e4nkung Die Inhalte dieser [&hellip;]<\/p>\n","protected":false},"author":1,"featured_media":0,"parent":0,"menu_order":0,"comment_status":"closed","ping_status":"closed","template":"","meta":{"footnotes":""},"class_list":["post-964","page","type-page","status-publish","hentry"],"yoast_head":"<!-- This site is optimized with the Yoast SEO plugin v27.4 - https:\/\/yoast.com\/product\/yoast-seo-wordpress\/ -->\n<title>Impressum<\/title>\n<meta name=\"description\" content=\"Rechtlicher Hinweis\" \/>\n<meta name=\"robots\" content=\"index, follow, max-snippet:-1, max-image-preview:large, max-video-preview:-1\" \/>\n<link rel=\"canonical\" href=\"https:\/\/teamlinx42.app\/imprint\/\" \/>\n<meta property=\"og:locale\" content=\"de_DE\" \/>\n<meta property=\"og:type\" content=\"article\" \/>\n<meta property=\"og:title\" content=\"Impressum\" \/>\n<meta property=\"og:description\" content=\"Rechtlicher Hinweis\" \/>\n<meta property=\"og:url\" content=\"https:\/\/teamlinx42.app\/imprint\/\" \/>\n<meta property=\"og:site_name\" content=\"TeamLinx42\" \/>\n<meta property=\"article:modified_time\" content=\"2023-07-30T15:46:05+00:00\" \/>\n<meta name=\"twitter:card\" content=\"summary_large_image\" \/>\n<meta name=\"twitter:label1\" content=\"Gesch\u00e4tzte Lesezeit\" \/>\n\t<meta name=\"twitter:data1\" content=\"2\u00a0Minuten\" \/>\n<script type=\"application\/ld+json\" class=\"yoast-schema-graph\">{\"@context\":\"https:\\\/\\\/schema.org\",\"@graph\":[{\"@type\":\"WebPage\",\"@id\":\"https:\\\/\\\/teamlinx42.app\\\/imprint\\\/\",\"url\":\"https:\\\/\\\/teamlinx42.app\\\/imprint\\\/\",\"name\":\"Impressum\",\"isPartOf\":{\"@id\":\"https:\\\/\\\/teamlinx42.app\\\/#website\"},\"datePublished\":\"2022-07-15T17:10:23+00:00\",\"dateModified\":\"2023-07-30T15:46:05+00:00\",\"description\":\"Rechtlicher Hinweis\",\"breadcrumb\":{\"@id\":\"https:\\\/\\\/teamlinx42.app\\\/imprint\\\/#breadcrumb\"},\"inLanguage\":\"de\",\"potentialAction\":[{\"@type\":\"ReadAction\",\"target\":[\"https:\\\/\\\/teamlinx42.app\\\/imprint\\\/\"]}]},{\"@type\":\"BreadcrumbList\",\"@id\":\"https:\\\/\\\/teamlinx42.app\\\/imprint\\\/#breadcrumb\",\"itemListElement\":[{\"@type\":\"ListItem\",\"position\":1,\"name\":\"Home\",\"item\":\"https:\\\/\\\/teamlinx42.app\\\/de\\\/homepage\\\/\"},{\"@type\":\"ListItem\",\"position\":2,\"name\":\"Imprint\"}]},{\"@type\":\"WebSite\",\"@id\":\"https:\\\/\\\/teamlinx42.app\\\/#website\",\"url\":\"https:\\\/\\\/teamlinx42.app\\\/\",\"name\":\"TeamLinx42\",\"description\":\"\",\"publisher\":{\"@id\":\"https:\\\/\\\/teamlinx42.app\\\/#organization\"},\"potentialAction\":[{\"@type\":\"SearchAction\",\"target\":{\"@type\":\"EntryPoint\",\"urlTemplate\":\"https:\\\/\\\/teamlinx42.app\\\/?s={search_term_string}\"},\"query-input\":{\"@type\":\"PropertyValueSpecification\",\"valueRequired\":true,\"valueName\":\"search_term_string\"}}],\"inLanguage\":\"de\"},{\"@type\":\"Organization\",\"@id\":\"https:\\\/\\\/teamlinx42.app\\\/#organization\",\"name\":\"TeamLinx42\",\"url\":\"https:\\\/\\\/teamlinx42.app\\\/\",\"logo\":{\"@type\":\"ImageObject\",\"inLanguage\":\"de\",\"@id\":\"https:\\\/\\\/teamlinx42.app\\\/#\\\/schema\\\/logo\\\/image\\\/\",\"url\":\"https:\\\/\\\/teamlinx42.app\\\/wp-content\\\/uploads\\\/2022\\\/07\\\/Logo-Full-white-768x156-1.png\",\"contentUrl\":\"https:\\\/\\\/teamlinx42.app\\\/wp-content\\\/uploads\\\/2022\\\/07\\\/Logo-Full-white-768x156-1.png\",\"width\":636,\"height\":109,\"caption\":\"TeamLinx42\"},\"image\":{\"@id\":\"https:\\\/\\\/teamlinx42.app\\\/#\\\/schema\\\/logo\\\/image\\\/\"}}]}<\/script>\n<!-- \/ Yoast SEO plugin. -->","yoast_head_json":{"title":"Impressum","description":"Rechtlicher Hinweis","robots":{"index":"index","follow":"follow","max-snippet":"max-snippet:-1","max-image-preview":"max-image-preview:large","max-video-preview":"max-video-preview:-1"},"canonical":"https:\/\/teamlinx42.app\/imprint\/","og_locale":"de_DE","og_type":"article","og_title":"Impressum","og_description":"Rechtlicher Hinweis","og_url":"https:\/\/teamlinx42.app\/imprint\/","og_site_name":"TeamLinx42","article_modified_time":"2023-07-30T15:46:05+00:00","twitter_card":"summary_large_image","twitter_misc":{"Gesch\u00e4tzte Lesezeit":"2\u00a0Minuten"},"schema":{"@context":"https:\/\/schema.org","@graph":[{"@type":"WebPage","@id":"https:\/\/teamlinx42.app\/imprint\/","url":"https:\/\/teamlinx42.app\/imprint\/","name":"Impressum","isPartOf":{"@id":"https:\/\/teamlinx42.app\/#website"},"datePublished":"2022-07-15T17:10:23+00:00","dateModified":"2023-07-30T15:46:05+00:00","description":"Rechtlicher Hinweis","breadcrumb":{"@id":"https:\/\/teamlinx42.app\/imprint\/#breadcrumb"},"inLanguage":"de","potentialAction":[{"@type":"ReadAction","target":["https:\/\/teamlinx42.app\/imprint\/"]}]},{"@type":"BreadcrumbList","@id":"https:\/\/teamlinx42.app\/imprint\/#breadcrumb","itemListElement":[{"@type":"ListItem","position":1,"name":"Home","item":"https:\/\/teamlinx42.app\/de\/homepage\/"},{"@type":"ListItem","position":2,"name":"Imprint"}]},{"@type":"WebSite","@id":"https:\/\/teamlinx42.app\/#website","url":"https:\/\/teamlinx42.app\/","name":"TeamLinx42","description":"","publisher":{"@id":"https:\/\/teamlinx42.app\/#organization"},"potentialAction":[{"@type":"SearchAction","target":{"@type":"EntryPoint","urlTemplate":"https:\/\/teamlinx42.app\/?s={search_term_string}"},"query-input":{"@type":"PropertyValueSpecification","valueRequired":true,"valueName":"search_term_string"}}],"inLanguage":"de"},{"@type":"Organization","@id":"https:\/\/teamlinx42.app\/#organization","name":"TeamLinx42","url":"https:\/\/teamlinx42.app\/","logo":{"@type":"ImageObject","inLanguage":"de","@id":"https:\/\/teamlinx42.app\/#\/schema\/logo\/image\/","url":"https:\/\/teamlinx42.app\/wp-content\/uploads\/2022\/07\/Logo-Full-white-768x156-1.png","contentUrl":"https:\/\/teamlinx42.app\/wp-content\/uploads\/2022\/07\/Logo-Full-white-768x156-1.png","width":636,"height":109,"caption":"TeamLinx42"},"image":{"@id":"https:\/\/teamlinx42.app\/#\/schema\/logo\/image\/"}}]}},"_links":{"self":[{"href":"https:\/\/teamlinx42.app\/de\/wp-json\/wp\/v2\/pages\/964","targetHints":{"allow":["GET"]}}],"collection":[{"href":"https:\/\/teamlinx42.app\/de\/wp-json\/wp\/v2\/pages"}],"about":[{"href":"https:\/\/teamlinx42.app\/de\/wp-json\/wp\/v2\/types\/page"}],"author":[{"embeddable":true,"href":"https:\/\/teamlinx42.app\/de\/wp-json\/wp\/v2\/users\/1"}],"replies":[{"embeddable":true,"href":"https:\/\/teamlinx42.app\/de\/wp-json\/wp\/v2\/comments?post=964"}],"version-history":[{"count":0,"href":"https:\/\/teamlinx42.app\/de\/wp-json\/wp\/v2\/pages\/964\/revisions"}],"wp:attachment":[{"href":"https:\/\/teamlinx42.app\/de\/wp-json\/wp\/v2\/media?parent=964"}],"curies":[{"name":"wp","href":"https:\/\/api.w.org\/{rel}","templated":true}]}}